{"id":8855,"date":"2024-10-14T11:50:18","date_gmt":"2024-10-14T09:50:18","guid":{"rendered":"https:\/\/bktronic.lvl1.dev\/rechtliche-hinweise\/"},"modified":"2024-10-14T13:45:59","modified_gmt":"2024-10-14T11:45:59","slug":"rechtliche-hinweise","status":"publish","type":"page","link":"https:\/\/bktronic.lvl1.dev\/de\/rechtliche-hinweise\/","title":{"rendered":"Rechtliche Hinweise"},"content":{"rendered":"\t\t<div data-elementor-type=\"wp-page\" data-elementor-id=\"8855\" class=\"elementor elementor-8855 elementor-8835\" data-elementor-post-type=\"page\">\n\t\t\t\t\t\t<section data-particle_enable=\"false\" data-particle-mobile-disabled=\"false\" class=\"elementor-section elementor-top-section elementor-element elementor-element-e4fdf31 elementor-section-height-min-height elementor-section-stretched elementor-section-boxed elementor-section-height-default elementor-section-items-middle\" data-id=\"e4fdf31\" data-element_type=\"section\" data-settings=\"{&quot;stretch_section&quot;:&quot;section-stretched&quot;,&quot;background_background&quot;:&quot;classic&quot;}\">\n\t\t\t\t\t\t\t<div class=\"elementor-background-overlay\"><\/div>\n\t\t\t\t\t\t\t<div class=\"elementor-container elementor-column-gap-default\">\n\t\t\t\t\t<div class=\"elementor-column elementor-col-100 elementor-top-column elementor-element elementor-element-58d243c\" data-id=\"58d243c\" data-element_type=\"column\">\n\t\t\t<div class=\"elementor-widget-wrap elementor-element-populated\">\n\t\t\t\t\t\t<div class=\"elementor-element elementor-element-453d91f elementor-widget elementor-widget-heading\" data-id=\"453d91f\" data-element_type=\"widget\" data-widget_type=\"heading.default\">\n\t\t\t\t<div class=\"elementor-widget-container\">\n\t\t\t\t\t<h1 class=\"elementor-heading-title elementor-size-default\">Rechtliche Hinweise<\/h1>\t\t\t\t<\/div>\n\t\t\t\t<\/div>\n\t\t\t\t<div class=\"elementor-element elementor-element-4665fab elementor-widget elementor-widget-breadcrumbs\" data-id=\"4665fab\" data-element_type=\"widget\" data-widget_type=\"breadcrumbs.default\">\n\t\t\t\t<div class=\"elementor-widget-container\">\n\t\t\t\t\t<nav aria-label=\"breadcrumbs\" class=\"rank-math-breadcrumb\"><p><span class=\"last\">Startseite<\/span><\/p><\/nav>\t\t\t\t<\/div>\n\t\t\t\t<\/div>\n\t\t\t\t\t<\/div>\n\t\t<\/div>\n\t\t\t\t\t<\/div>\n\t\t<\/section>\n\t\t\t\t<section data-particle_enable=\"false\" data-particle-mobile-disabled=\"false\" class=\"wd-negative-gap elementor-section elementor-top-section elementor-element elementor-element-536676d elementor-section-boxed elementor-section-height-default elementor-section-height-default\" data-id=\"536676d\" data-element_type=\"section\">\n\t\t\t\t\t\t<div class=\"elementor-container elementor-column-gap-default\">\n\t\t\t\t\t<div class=\"elementor-column elementor-col-100 elementor-top-column elementor-element elementor-element-d0c5a94\" data-id=\"d0c5a94\" data-element_type=\"column\">\n\t\t\t<div class=\"elementor-widget-wrap elementor-element-populated\">\n\t\t\t\t\t\t<div class=\"elementor-element elementor-element-a3deb04 color-scheme-inherit text-left elementor-widget elementor-widget-text-editor\" data-id=\"a3deb04\" data-element_type=\"widget\" data-widget_type=\"text-editor.default\">\n\t\t\t\t<div class=\"elementor-widget-container\">\n\t\t\t\t\t\t\t\t\t<p><strong>Definitionen<\/strong><\/p>\n<p><strong>Kunde:<\/strong> jeder Gewerbetreibende oder jede nat\u00fcrliche Person, die im Sinne der Artikel 1123 ff. des B\u00fcrgerlichen Gesetzbuches gesch\u00e4ftsf\u00e4hig ist, oder jede juristische Person, die die Website besucht, die Gegenstand der vorliegenden Allgemeinen Gesch\u00e4ftsbedingungen ist.<br \/><strong>Leistungen und Dienste:<\/strong> <a href=\"https:\/\/bktronic.lvl1.dev\/de\/\">Bktronic<\/a> stellt den Kunden zur Verf\u00fcgung:<\/p>\n<p><strong>Inhalt:<\/strong> Die Gesamtheit der Elemente, aus denen die Informationen auf der Website bestehen, insbesondere Texte, Bilder und Videos.<\/p>\n<p><strong>Kundeninformationen :<\/strong> Nachfolgend &#8222;Informationen&#8220; genannt, die alle pers\u00f6nlichen Daten umfassen, die von <a href=\"https:\/\/bktronic.lvl1.dev\/de\/\">Bktronic<\/a> zur Verwaltung Ihres Kontos, zur Verwaltung der Kundenbeziehung und zu Analyse- und Statistikzwecken gespeichert werden k\u00f6nnen.<\/p>\n<p><strong>Benutzer:<\/strong> Internetnutzer, der sich einloggt und die oben genannte Website nutzt.<\/p>\n<p><strong>Pers\u00f6nliche Informationen:<\/strong> &#8222;Informationen, die in jedweder Form, direkt oder indirekt, die Identifizierung der nat\u00fcrlichen Personen erm\u00f6glichen, auf die sie sich beziehen&#8220; (Artikel 4 des Gesetzes Nr. 78-17 vom 6. Januar 1978).<\/p>\n<p>Die Begriffe &#8222;personenbezogene Daten&#8220;, &#8222;betroffene Person&#8220;, &#8222;Auftragsverarbeiter&#8220; und &#8222;sensible Daten&#8220; haben die in der Allgemeinen Datenschutzverordnung (DSGVO: Nr. 2016-679) festgelegte Bedeutung.<\/p>\n<h2>1. Vorstellung der Website.<\/h2>\n<p>Gem\u00e4\u00df Artikel 6 des Gesetzes Nr. 2004-575 vom 21. Juni 2004 \u00fcber das Vertrauen in die digitale Wirtschaft wird den Nutzern der <a href=\"https:\/\/bktronic.lvl1.dev\/de\/\">Bktronic-Website<\/a> die Identit\u00e4t der verschiedenen Akteure im Rahmen der Erstellung und Betreuung der Website mitgeteilt:<\/p>\n<p><strong>Eigent\u00fcmer:<\/strong> &#8211; Eingetragener Sitz: <a href=\"https:\/\/goo.gl\/maps\/D3CTM8Lyicm\" target=\"_blank\" rel=\"noopener\">6 Rue de la Sauge 68700 Cernay Frankreich<\/a><\/p>\n<p><strong>Verantwortlich f\u00fcr die Ver\u00f6ffentlichung :<\/strong> <a href=\"mailto:info@bktronic.fr\">info@bktronic.fr<\/a><\/p>\n<p>Der Verantwortliche f\u00fcr die Ver\u00f6ffentlichung ist eine nat\u00fcrliche Person.<br \/><strong>Webmaster :<\/strong> Level 1 &#8211; contact@lvl1.fr<br \/><strong>Webhoster:<\/strong> Infomaniak<br \/><strong>Datenschutzbeauftragter<\/strong><strong>:<\/strong> <a href=\"mailto:info@bktronic.fr\">info@bktronic.fr<\/a><\/p>\n<h2>2. Allgemeine Bedingungen f\u00fcr die Nutzung der Website und der angebotenen Dienstleistungen.<\/h2>\n<p>Die Website ist ein geistiges Werk, das durch die Bestimmungen des Gesetzes \u00fcber geistiges Eigentum und die anwendbaren internationalen Regelungen gesch\u00fctzt ist.<br \/>Der Kunde darf die Elemente oder Arbeiten der Website weder ganz noch teilweise wiederverwenden, abtreten oder auf eigene Rechnung verwerten.<\/p>\n<p>Die Nutzung der <a href=\"https:\/\/bktronic.lvl1.dev\/de\/\">Bktronic-Website<\/a> setzt die vollst\u00e4ndige Annahme der nachstehend beschriebenen allgemeinen Nutzungsbedingungen voraus. Diese Nutzungsbedingungen k\u00f6nnen jederzeit ge\u00e4ndert oder erg\u00e4nzt werden, so dass die Nutzer der <a href=\"https:\/\/bktronic.lvl1.dev\/de\/\">Bktronic-Website<\/a> aufgefordert werden, sie regelm\u00e4\u00dfig zu konsultieren. <\/p>\n<p>Diese Website ist normalerweise jederzeit f\u00fcr die Nutzer zug\u00e4nglich. <a href=\"https:\/\/bktronic.lvl1.dev\/de\/\">Bktronic<\/a> kann jedoch aufgrund technischer Wartungsarbeiten eine Unterbrechung vornehmen und wird sich dann bem\u00fchen, die Nutzer vorab \u00fcber die Daten und Zeiten des Eingriffs zu informieren.<br \/>Die <a href=\"https:\/\/bktronic.lvl1.dev\/de\/\">Bktronic-Website<\/a> wird regelm\u00e4\u00dfig von der verantwortlichen <a href=\"https:\/\/bktronic.lvl1.dev\/de\/\">Bktronic<\/a> aktualisiert. Auch die rechtlichen Hinweise k\u00f6nnen jederzeit ge\u00e4ndert werden, sind jedoch f\u00fcr den Nutzer verbindlich, der sie so oft wie m\u00f6glich lesen sollte.  <\/p>\n<h2>3. Beschreibung der erbrachten Dienstleistungen.<\/h2>\n<p>Die <a href=\"https:\/\/bktronic.lvl1.dev\/de\/\">Bktronic-Website<\/a> dient der Bereitstellung von Informationen \u00fcber alle Aktivit\u00e4ten des Unternehmens.<br \/><a href=\"https:\/\/bktronic.lvl1.dev\/de\/\">Bktronic<\/a> bem\u00fcht sich, die Informationen auf der <a href=\"https:\/\/bktronic.lvl1.dev\/de\/\">Bktronic-Website<\/a> so genau wie m\u00f6glich zu gestalten. Bktronk ist jedoch nicht verantwortlich f\u00fcr Auslassungen, Ungenauigkeiten und Aktualisierungsfehler, die von ihm oder von dritten Partnern, die ihm diese Informationen zur Verf\u00fcgung stellen, verursacht werden. <\/p>\n<p>Alle Informationen auf der <a href=\"https:\/\/bktronic.lvl1.dev\/de\/\">Bktronic-Website<\/a> sind unverbindlich und k\u00f6nnen sich \u00e4ndern. Im \u00dcbrigen sind die Informationen auf der <a href=\"https:\/\/bktronic.lvl1.dev\/de\/\">Bktronic-Website<\/a> nicht ersch\u00f6pfend. Sie werden vorbehaltlich der seit ihrer Ver\u00f6ffentlichung vorgenommenen \u00c4nderungen bereitgestellt.  <\/p>\n<h2>4. Vertragliche Beschr\u00e4nkungen der technischen Daten.<\/h2>\n<p>Die Website verwendet die JavaScript-Technologie.<\/p>\n<p>Die Website haftet nicht f\u00fcr materielle Sch\u00e4den, die mit der Nutzung der Website verbunden sind. Dar\u00fcber hinaus verpflichtet sich der Nutzer der Website, auf die Website mit neuer Hardware, die keine Viren enth\u00e4lt, und mit einem Browser der neuesten Generation, der auf dem neuesten Stand ist, zuzugreifen<br \/>Die <a href=\"https:\/\/bktronic.lvl1.dev\/de\/\">Bktronic-Website<\/a> wird bei einem Anbieter auf dem Gebiet der Europ\u00e4ischen Union gem\u00e4\u00df den Bestimmungen der Allgemeinen Datenschutzverordnung (DSGVO: Nr. 2016-679) gehostet. <\/p>\n<p>Das Ziel ist es, eine Dienstleistung zu erbringen, die die beste Erreichbarkeit gew\u00e4hrleistet. Der Hosting-Provider gew\u00e4hrleistet die Kontinuit\u00e4t seines Dienstes 24 Stunden am Tag und an allen Tagen des Jahres. Er beh\u00e4lt sich jedoch die M\u00f6glichkeit vor, den Hosting-Service f\u00fcr m\u00f6glichst kurze Zeitr\u00e4ume zu unterbrechen, insbesondere zu Wartungszwecken, zur Verbesserung seiner Infrastrukturen, bei Ausfall seiner Infrastrukturen oder wenn die Leistungen und Dienste ein als anormal angesehenes Verkehrsaufkommen erzeugen.  <\/p>\n<p><a href=\"https:\/\/bktronic.lvl1.dev\/de\/\">Bktronic<\/a> und der Hosting-Anbieter haften nicht f\u00fcr St\u00f6rungen des Internet-Netzwerks, der Telefonleitungen oder der Computer- und Telefonausr\u00fcstung, die insbesondere mit der \u00dcberlastung des Netzwerks verbunden sind und den Zugang zum Server verhindern.<\/p>\n<h2>5. Geistiges Eigentum und F\u00e4lschungen.<\/h2>\n<p><a href=\"https:\/\/bktronic.lvl1.dev\/de\/\">Bktronic<\/a> ist Eigent\u00fcmer der geistigen Eigentumsrechte und besitzt die Nutzungsrechte f\u00fcr alle auf der Website zug\u00e4nglichen Elemente, insbesondere Texte, Bilder, Grafiken, Logos, Videos, Icons und Sounds.<br \/>Die Vervielf\u00e4ltigung, Darstellung, \u00c4nderung, Ver\u00f6ffentlichung und Anpassung aller oder eines Teils der Elemente der Website, unabh\u00e4ngig von den verwendeten Mitteln oder Verfahren, ist untersagt, es sei denn, es liegt eine vorherige schriftliche Genehmigung von : <a href=\"https:\/\/bktronic.lvl1.dev\/de\/\">Bktronic<\/a>.<\/p>\n<p>Jede nicht genehmigte Nutzung der Website oder eines ihrer Elemente wird als F\u00e4lschung angesehen und gem\u00e4\u00df den Bestimmungen der Artikel L.335-2 ff. des Gesetzes \u00fcber geistiges Eigentum verfolgt.<\/p>\n<h2>6. Haftungsbeschr\u00e4nkungen.<\/h2>\n<p><a href=\"https:\/\/bktronic.lvl1.dev\/de\/\">Bktronic<\/a> fungiert als Herausgeber der Website. <a href=\"https:\/\/bktronic.lvl1.dev\/de\/\">Bktronic<\/a> ist f\u00fcr die Qualit\u00e4t und den Wahrheitsgehalt der von ihm ver\u00f6ffentlichten Inhalte verantwortlich.<\/p>\n<p><a href=\"https:\/\/bktronic.lvl1.dev\/de\/\">Bktronic<\/a> haftet nicht f\u00fcr direkte oder indirekte Sch\u00e4den an der Hardware des Nutzers beim Zugriff auf die <a href=\"https:\/\/bktronic.lvl1.dev\/de\/\">Bktronic-Website<\/a>, die entweder durch die Verwendung von Hardware, die nicht den in Punkt 4 genannten Spezifikationen entspricht, oder durch das Auftreten eines Bugs oder einer Inkompatibilit\u00e4t verursacht werden.<\/p>\n<p><a href=\"https:\/\/bktronic.lvl1.dev\/de\/\">Bktronic<\/a> haftet auch nicht f\u00fcr indirekte Sch\u00e4den (z.B. Marktverlust oder Verlust einer Chance), die durch die Nutzung der <a href=\"https:\/\/bktronic.lvl1.dev\/de\/\">Bktronic-Website<\/a> entstehen.<br \/>Interaktive Bereiche (M\u00f6glichkeit, Fragen im Kontaktbereich zu stellen) stehen den Nutzern zur Verf\u00fcgung. <a href=\"https:\/\/bktronic.lvl1.dev\/de\/\">Bktronic<\/a> beh\u00e4lt sich das Recht vor, ohne vorherige Ank\u00fcndigung jeden Inhalt in diesem Bereich zu l\u00f6schen, der gegen die in Frankreich geltenden Gesetze und insbesondere die Datenschutzbestimmungen verst\u00f6\u00dft. Gegebenenfalls beh\u00e4lt sich <a href=\"https:\/\/bktronic.lvl1.dev\/de\/\">Bktronic<\/a> auch die M\u00f6glichkeit vor, den Nutzer zivil- und\/oder strafrechtlich haftbar zu machen, insbesondere bei rassistischen, beleidigenden, diffamierenden oder pornografischen Mitteilungen, unabh\u00e4ngig vom verwendeten Medium (Text, Fotografie &#8230;). <\/p>\n<h2>7. Anwendbares Recht und Gerichtsbarkeit.<\/h2>\n<p>Alle Streitigkeiten im Zusammenhang mit der Nutzung der <a href=\"https:\/\/bktronic.lvl1.dev\/de\/\">Bktronic-Website<\/a> unterliegen dem franz\u00f6sischen Recht.<br \/>Au\u00dfer in F\u00e4llen, in denen dies gesetzlich nicht zul\u00e4ssig ist, wird die ausschlie\u00dfliche Zust\u00e4ndigkeit den zust\u00e4ndigen Gerichten in Mulhouse zugewiesen.<\/p>\n\t\t\t\t\t\t\t\t<\/div>\n\t\t\t\t<\/div>\n\t\t\t\t\t<\/div>\n\t\t<\/div>\n\t\t\t\t\t<\/div>\n\t\t<\/section>\n\t\t\t\t<\/div>\n\t\t","protected":false},"excerpt":{"rendered":"<p>Rechtliche Hinweise Accueil Definitionen Kunde: jeder Gewerbetreibende oder jede nat\u00fcrliche Person, die im Sinne der Artikel 1123 ff. des B\u00fcrgerlichen<\/p>\n","protected":false},"author":1,"featured_media":0,"parent":0,"menu_order":0,"comment_status":"closed","ping_status":"closed","template":"","meta":{"_acf_changed":false,"footnotes":""},"class_list":["post-8855","page","type-page","status-publish","hentry"],"acf":[],"_links":{"self":[{"href":"https:\/\/bktronic.lvl1.dev\/de\/wp-json\/wp\/v2\/pages\/8855","targetHints":{"allow":["GET"]}}],"collection":[{"href":"https:\/\/bktronic.lvl1.dev\/de\/wp-json\/wp\/v2\/pages"}],"about":[{"href":"https:\/\/bktronic.lvl1.dev\/de\/wp-json\/wp\/v2\/types\/page"}],"author":[{"embeddable":true,"href":"https:\/\/bktronic.lvl1.dev\/de\/wp-json\/wp\/v2\/users\/1"}],"replies":[{"embeddable":true,"href":"https:\/\/bktronic.lvl1.dev\/de\/wp-json\/wp\/v2\/comments?post=8855"}],"version-history":[{"count":2,"href":"https:\/\/bktronic.lvl1.dev\/de\/wp-json\/wp\/v2\/pages\/8855\/revisions"}],"predecessor-version":[{"id":8857,"href":"https:\/\/bktronic.lvl1.dev\/de\/wp-json\/wp\/v2\/pages\/8855\/revisions\/8857"}],"wp:attachment":[{"href":"https:\/\/bktronic.lvl1.dev\/de\/wp-json\/wp\/v2\/media?parent=8855"}],"curies":[{"name":"wp","href":"https:\/\/api.w.org\/{rel}","templated":true}]}}