{"id":10078,"date":"2024-03-05T17:52:06","date_gmt":"2024-03-05T16:52:06","guid":{"rendered":"https:\/\/bktronic.lvl1.dev\/produit\/tarjeta-de-distribucion-de-energia-pdb-02-irc5p\/"},"modified":"2024-03-05T17:52:06","modified_gmt":"2024-03-05T16:52:06","slug":"tarjeta-de-distribucion-de-energia-pdb-02-irc5p","status":"publish","type":"product","link":"https:\/\/bktronic.lvl1.dev\/es\/produit\/tarjeta-de-distribucion-de-energia-pdb-02-irc5p\/","title":{"rendered":"Tarjeta de distribuci\u00f3n de energ\u00eda PDB-02 IRC5P"},"content":{"rendered":"","protected":false},"excerpt":{"rendered":"<p>Tarjeta de distribuci\u00f3n de energ\u00eda PDB-02 IRC5P<\/p>\n","protected":false},"featured_media":0,"comment_status":"closed","ping_status":"open","template":"","meta":{"_acf_changed":false},"product_brand":[],"product_cat":[2149,2141,2230],"product_tag":[],"class_list":{"0":"post-10078","1":"product","2":"type-product","3":"status-publish","5":"product_cat-abb-s4p-s4p-es","6":"product_cat-robots-de-pintura","7":"product_cat-robotica-electronica","9":"first","10":"instock","11":"product-type-simple"},"acf":[],"_links":{"self":[{"href":"https:\/\/bktronic.lvl1.dev\/es\/wp-json\/wp\/v2\/product\/10078","targetHints":{"allow":["GET"]}}],"collection":[{"href":"https:\/\/bktronic.lvl1.dev\/es\/wp-json\/wp\/v2\/product"}],"about":[{"href":"https:\/\/bktronic.lvl1.dev\/es\/wp-json\/wp\/v2\/types\/product"}],"replies":[{"embeddable":true,"href":"https:\/\/bktronic.lvl1.dev\/es\/wp-json\/wp\/v2\/comments?post=10078"}],"version-history":[{"count":0,"href":"https:\/\/bktronic.lvl1.dev\/es\/wp-json\/wp\/v2\/product\/10078\/revisions"}],"wp:attachment":[{"href":"https:\/\/bktronic.lvl1.dev\/es\/wp-json\/wp\/v2\/media?parent=10078"}],"wp:term":[{"taxonomy":"product_brand","embeddable":true,"href":"https:\/\/bktronic.lvl1.dev\/es\/wp-json\/wp\/v2\/product_brand?post=10078"},{"taxonomy":"product_cat","embeddable":true,"href":"https:\/\/bktronic.lvl1.dev\/es\/wp-json\/wp\/v2\/product_cat?post=10078"},{"taxonomy":"product_tag","embeddable":true,"href":"https:\/\/bktronic.lvl1.dev\/es\/wp-json\/wp\/v2\/product_tag?post=10078"}],"curies":[{"name":"wp","href":"https:\/\/api.w.org\/{rel}","templated":true}]}}