{"id":10444,"date":"2024-03-05T17:50:10","date_gmt":"2024-03-05T16:50:10","guid":{"rendered":"https:\/\/bktronic.lvl1.dev\/produit\/bateria-2-celulas-72v-abb\/"},"modified":"2024-03-05T17:50:10","modified_gmt":"2024-03-05T16:50:10","slug":"bateria-2-celulas-72v-abb","status":"publish","type":"product","link":"https:\/\/bktronic.lvl1.dev\/es\/produit\/bateria-2-celulas-72v-abb\/","title":{"rendered":"Bater\u00eda 2 c\u00e9lulas 7,2V ABB"},"content":{"rendered":"","protected":false},"excerpt":{"rendered":"<p>Bater\u00eda para RMU<\/p>\n","protected":false},"featured_media":6336,"comment_status":"closed","ping_status":"open","template":"","meta":{"_acf_changed":false},"product_brand":[],"product_cat":[1834,1838],"product_tag":[],"class_list":{"0":"post-10444","1":"product","2":"type-product","3":"status-publish","4":"has-post-thumbnail","6":"product_cat-accesorios-y-consumibles","7":"product_cat-pilas","9":"first","10":"instock","11":"product-type-simple"},"acf":[],"_links":{"self":[{"href":"https:\/\/bktronic.lvl1.dev\/es\/wp-json\/wp\/v2\/product\/10444","targetHints":{"allow":["GET"]}}],"collection":[{"href":"https:\/\/bktronic.lvl1.dev\/es\/wp-json\/wp\/v2\/product"}],"about":[{"href":"https:\/\/bktronic.lvl1.dev\/es\/wp-json\/wp\/v2\/types\/product"}],"replies":[{"embeddable":true,"href":"https:\/\/bktronic.lvl1.dev\/es\/wp-json\/wp\/v2\/comments?post=10444"}],"version-history":[{"count":0,"href":"https:\/\/bktronic.lvl1.dev\/es\/wp-json\/wp\/v2\/product\/10444\/revisions"}],"wp:featuredmedia":[{"embeddable":true,"href":"https:\/\/bktronic.lvl1.dev\/es\/wp-json\/wp\/v2\/media\/6336"}],"wp:attachment":[{"href":"https:\/\/bktronic.lvl1.dev\/es\/wp-json\/wp\/v2\/media?parent=10444"}],"wp:term":[{"taxonomy":"product_brand","embeddable":true,"href":"https:\/\/bktronic.lvl1.dev\/es\/wp-json\/wp\/v2\/product_brand?post=10444"},{"taxonomy":"product_cat","embeddable":true,"href":"https:\/\/bktronic.lvl1.dev\/es\/wp-json\/wp\/v2\/product_cat?post=10444"},{"taxonomy":"product_tag","embeddable":true,"href":"https:\/\/bktronic.lvl1.dev\/es\/wp-json\/wp\/v2\/product_tag?post=10444"}],"curies":[{"name":"wp","href":"https:\/\/api.w.org\/{rel}","templated":true}]}}