{"id":11205,"date":"2024-03-05T17:40:25","date_gmt":"2024-03-05T16:40:25","guid":{"rendered":"https:\/\/bktronic.lvl1.dev\/produit\/alimentacion-unidad-informatica-s4c-dsqc-505\/"},"modified":"2024-03-05T17:40:25","modified_gmt":"2024-03-05T16:40:25","slug":"alimentacion-unidad-informatica-s4c-dsqc-505","status":"publish","type":"product","link":"https:\/\/bktronic.lvl1.dev\/es\/produit\/alimentacion-unidad-informatica-s4c-dsqc-505\/","title":{"rendered":"Alimentaci\u00f3n Unidad inform\u00e1tica S4C+ DSQC 505"},"content":{"rendered":"","protected":false},"excerpt":{"rendered":"<p>Alimentaci\u00f3n Unidad inform\u00e1tica S4C+ DSQC 505<\/p>\n","protected":false},"featured_media":4520,"comment_status":"closed","ping_status":"open","template":"","meta":{"_acf_changed":false},"product_brand":[],"product_cat":[2017,2230,2033],"product_tag":[],"class_list":{"0":"post-11205","1":"product","2":"type-product","3":"status-publish","4":"has-post-thumbnail","6":"product_cat-fuentes-de-alimentacion","7":"product_cat-robotica-electronica","8":"product_cat-fuentes-de-alimentacion-para-rack-s4c-s4c","10":"first","11":"instock","12":"product-type-simple"},"acf":[],"_links":{"self":[{"href":"https:\/\/bktronic.lvl1.dev\/es\/wp-json\/wp\/v2\/product\/11205","targetHints":{"allow":["GET"]}}],"collection":[{"href":"https:\/\/bktronic.lvl1.dev\/es\/wp-json\/wp\/v2\/product"}],"about":[{"href":"https:\/\/bktronic.lvl1.dev\/es\/wp-json\/wp\/v2\/types\/product"}],"replies":[{"embeddable":true,"href":"https:\/\/bktronic.lvl1.dev\/es\/wp-json\/wp\/v2\/comments?post=11205"}],"version-history":[{"count":0,"href":"https:\/\/bktronic.lvl1.dev\/es\/wp-json\/wp\/v2\/product\/11205\/revisions"}],"wp:featuredmedia":[{"embeddable":true,"href":"https:\/\/bktronic.lvl1.dev\/es\/wp-json\/wp\/v2\/media\/4520"}],"wp:attachment":[{"href":"https:\/\/bktronic.lvl1.dev\/es\/wp-json\/wp\/v2\/media?parent=11205"}],"wp:term":[{"taxonomy":"product_brand","embeddable":true,"href":"https:\/\/bktronic.lvl1.dev\/es\/wp-json\/wp\/v2\/product_brand?post=11205"},{"taxonomy":"product_cat","embeddable":true,"href":"https:\/\/bktronic.lvl1.dev\/es\/wp-json\/wp\/v2\/product_cat?post=11205"},{"taxonomy":"product_tag","embeddable":true,"href":"https:\/\/bktronic.lvl1.dev\/es\/wp-json\/wp\/v2\/product_tag?post=11205"}],"curies":[{"name":"wp","href":"https:\/\/api.w.org\/{rel}","templated":true}]}}