{"id":11661,"date":"2024-03-05T17:35:44","date_gmt":"2024-03-05T16:35:44","guid":{"rendered":"https:\/\/bktronic.lvl1.dev\/produit\/modulo-de-conmutacion-dsqc-349g-1\/"},"modified":"2024-03-05T17:35:44","modified_gmt":"2024-03-05T16:35:44","slug":"modulo-de-conmutacion-dsqc-349g-1","status":"publish","type":"product","link":"https:\/\/bktronic.lvl1.dev\/es\/produit\/modulo-de-conmutacion-dsqc-349g-1\/","title":{"rendered":"M\u00f3dulo de conmutaci\u00f3n DSQC 349G-1"},"content":{"rendered":"","protected":false},"excerpt":{"rendered":"<p>M\u00f3dulo de conmutaci\u00f3n<\/p>\n","protected":false},"featured_media":3683,"comment_status":"closed","ping_status":"open","template":"","meta":{"_acf_changed":false},"product_brand":[],"product_cat":[2037,2230,2061],"product_tag":[],"class_list":{"0":"post-11661","1":"product","2":"type-product","3":"status-publish","4":"has-post-thumbnail","6":"product_cat-tarjetas-de-e-s-y-comunicacion","7":"product_cat-robotica-electronica","8":"product_cat-interfaz-de-soldadura","10":"first","11":"instock","12":"product-type-simple"},"acf":[],"_links":{"self":[{"href":"https:\/\/bktronic.lvl1.dev\/es\/wp-json\/wp\/v2\/product\/11661","targetHints":{"allow":["GET"]}}],"collection":[{"href":"https:\/\/bktronic.lvl1.dev\/es\/wp-json\/wp\/v2\/product"}],"about":[{"href":"https:\/\/bktronic.lvl1.dev\/es\/wp-json\/wp\/v2\/types\/product"}],"replies":[{"embeddable":true,"href":"https:\/\/bktronic.lvl1.dev\/es\/wp-json\/wp\/v2\/comments?post=11661"}],"version-history":[{"count":0,"href":"https:\/\/bktronic.lvl1.dev\/es\/wp-json\/wp\/v2\/product\/11661\/revisions"}],"wp:featuredmedia":[{"embeddable":true,"href":"https:\/\/bktronic.lvl1.dev\/es\/wp-json\/wp\/v2\/media\/3683"}],"wp:attachment":[{"href":"https:\/\/bktronic.lvl1.dev\/es\/wp-json\/wp\/v2\/media?parent=11661"}],"wp:term":[{"taxonomy":"product_brand","embeddable":true,"href":"https:\/\/bktronic.lvl1.dev\/es\/wp-json\/wp\/v2\/product_brand?post=11661"},{"taxonomy":"product_cat","embeddable":true,"href":"https:\/\/bktronic.lvl1.dev\/es\/wp-json\/wp\/v2\/product_cat?post=11661"},{"taxonomy":"product_tag","embeddable":true,"href":"https:\/\/bktronic.lvl1.dev\/es\/wp-json\/wp\/v2\/product_tag?post=11661"}],"curies":[{"name":"wp","href":"https:\/\/api.w.org\/{rel}","templated":true}]}}