{"id":9896,"date":"2024-04-15T19:11:48","date_gmt":"2024-04-15T17:11:48","guid":{"rendered":"https:\/\/bktronic.lvl1.dev\/produit\/abb-irb-140-m2000-irc5\/"},"modified":"2024-04-15T19:11:48","modified_gmt":"2024-04-15T17:11:48","slug":"abb-irb-140-m2000-irc5","status":"publish","type":"product","link":"https:\/\/bktronic.lvl1.dev\/es\/produit\/abb-irb-140-m2000-irc5\/","title":{"rendered":"ABB IRB 140 M2000 IRC5"},"content":{"rendered":"","protected":false},"excerpt":{"rendered":"<div class=\"flex-1 overflow-hidden\">\n<div class=\"react-scroll-to-bottom--css-isvsy-79elbk h-full\">\n<div class=\"react-scroll-to-bottom--css-isvsy-1n7m0yu\">\n<div class=\"flex flex-col text-sm pb-9\">\n<div class=\"w-full text-token-text-primary\" dir=\"auto\" data-testid=\"conversation-turn-175\">\n<div class=\"px-4 py-2 justify-center text-base md:gap-6 m-auto\">\n<div class=\"flex flex-1 text-base mx-auto gap-3 juice:gap-4 juice:md:gap-6 md:px-5 lg:px-1 xl:px-5 md:max-w-3xl lg:max-w-[40rem] xl:max-w-[48rem] group final-completion\">\n<div class=\"relative flex w-full flex-col agent-turn\">\n<div class=\"flex-col gap-1 md:gap-3\">\n<div class=\"flex flex-grow flex-col max-w-full\">\n<div class=\"min-h-[20px] text-message flex flex-col items-start gap-3 whitespace-pre-wrap break-words [.text-message+&amp;]:mt-5 overflow-x-auto\" dir=\"auto\" data-message-author-role=\"assistant\" data-message-id=\"480e0a05-2a01-4ac5-8a09-ad03a9f9e95f\">\n<div class=\"markdown prose w-full break-words dark:prose-invert dark\">\n<p>Este robot ABB IRB 140 M2000 IRC5 no est\u00e1 cubierto por nuestra garant\u00eda est\u00e1ndar de piezas. Sin embargo, puede optar por nuestra experiencia y servicios de mantenimiento previos a la entrega para beneficiarse de una garant\u00eda. Tambi\u00e9n podemos encargarnos del traslado y la instalaci\u00f3n del robot en sus instalaciones. Si desea m\u00e1s informaci\u00f3n o concertar estos servicios, p\u00f3ngase en contacto con nosotros.   <\/p>\n<\/div>\n<\/div>\n<\/div>\n<\/div>\n<\/div>\n<\/div>\n<\/div>\n<\/div>\n<\/div>\n<\/div>\n<\/div>\n<\/div>\n","protected":false},"featured_media":8003,"comment_status":"open","ping_status":"closed","template":"","meta":{"_acf_changed":false},"product_brand":[],"product_cat":[2221],"product_tag":[],"class_list":{"0":"post-9896","1":"product","2":"type-product","3":"status-publish","4":"has-post-thumbnail","6":"product_cat-venta-de-robots","8":"first","9":"instock","10":"shipping-taxable","11":"product-type-simple"},"acf":[],"_links":{"self":[{"href":"https:\/\/bktronic.lvl1.dev\/es\/wp-json\/wp\/v2\/product\/9896","targetHints":{"allow":["GET"]}}],"collection":[{"href":"https:\/\/bktronic.lvl1.dev\/es\/wp-json\/wp\/v2\/product"}],"about":[{"href":"https:\/\/bktronic.lvl1.dev\/es\/wp-json\/wp\/v2\/types\/product"}],"replies":[{"embeddable":true,"href":"https:\/\/bktronic.lvl1.dev\/es\/wp-json\/wp\/v2\/comments?post=9896"}],"version-history":[{"count":0,"href":"https:\/\/bktronic.lvl1.dev\/es\/wp-json\/wp\/v2\/product\/9896\/revisions"}],"wp:featuredmedia":[{"embeddable":true,"href":"https:\/\/bktronic.lvl1.dev\/es\/wp-json\/wp\/v2\/media\/8003"}],"wp:attachment":[{"href":"https:\/\/bktronic.lvl1.dev\/es\/wp-json\/wp\/v2\/media?parent=9896"}],"wp:term":[{"taxonomy":"product_brand","embeddable":true,"href":"https:\/\/bktronic.lvl1.dev\/es\/wp-json\/wp\/v2\/product_brand?post=9896"},{"taxonomy":"product_cat","embeddable":true,"href":"https:\/\/bktronic.lvl1.dev\/es\/wp-json\/wp\/v2\/product_cat?post=9896"},{"taxonomy":"product_tag","embeddable":true,"href":"https:\/\/bktronic.lvl1.dev\/es\/wp-json\/wp\/v2\/product_tag?post=9896"}],"curies":[{"name":"wp","href":"https:\/\/api.w.org\/{rel}","templated":true}]}}